{"id":5792,"date":"2021-05-16T11:43:52","date_gmt":"2021-05-16T11:43:52","guid":{"rendered":"https:\/\/louisas-place.de\/?page_id=5792"},"modified":"2025-10-28T14:19:56","modified_gmt":"2025-10-28T14:19:56","slug":"wellness-spa","status":"publish","type":"page","link":"https:\/\/louisas-place.de\/en\/wellness-spa\/","title":{"rendered":"Wellness &#038; Spa"},"content":{"rendered":"<div class=\"wpb-content-wrapper\">[vc_row full_width=&#8221;stretch_row&#8221; full_height=&#8221;yes&#8221; css=&#8221;.vc_custom_1733746244081{background-image: url(https:\/\/louisas-place.de\/wp-content\/uploads\/2020\/02\/LP_Wellness-e1604437568443.jpg?id=1506) !important;background-position: center !important;background-repeat: no-repeat !important;background-size: cover !important;}&#8221; el_class=&#8221;white-text xl-paddding teaser-image&#8221;][vc_column width=&#8221;2\/3&#8243;][vc_column_text][\/vc_column_text][\/vc_column][vc_column width=&#8221;1\/3&#8243;][\/vc_column][\/vc_row][vc_row][vc_column][vc_column_text]\n         <div class=\"breadcrumb-wrapper\">\n             <nav class=\"breadcrumb\">\n                 <div class=\"container\">\n                     <a href=\"https:\/\/louisas-place.de\/en\/\">Home<\/a> \/ Wellness &#038; Spa\n                 <\/div>\n             <\/nav>\n         <\/div>\n     [\/vc_column_text][\/vc_column][\/vc_row][vc_row el_class=&#8221;standard-paddding&#8221;][vc_column][vc_column_text css=&#8221;&#8221;]\r\n<p class=\"extraHeadline\" style=\"text-align: left;\">Royal Relaxation<\/p>\r\n\r\n<h1 class=\"rommsIntroText\" style=\"text-align: left;\">Wellness &amp; spa at Louisa\u2019s Place Berlin<\/h1>\r\n[\/vc_column_text][vc_empty_space height=&#8221;40px&#8221;][vc_column_text css=&#8221;&#8221;]\r\n<p style=\"text-align: left;\">As another exciting day in Berlin comes to an end, you urgently need a break or it\u00b4s pouring outside &#8211;\u00a0 why not treat yourself to some time out in our wellness &amp; spa area Louisa\u00b4s Spa! An \u2018endless pool\u2019 with built-in counter-current, a sauna, a steam bath, and a modern fitness area, all in a tastefully appointed ambiance. Quite rare for a <strong><a href=\"https:\/\/louisas-place.de\/en\/\">Boutique hotel in Berlin<\/a><\/strong> and quite possibly a highlight to make your day!<\/p>\r\n<p style=\"text-align: left;\">Here with us, an oasis of tranquillity awaits you in the middle of the big city. As our Louisa\u00b4s Spa is only open to you as selected guests of our boutique hotel, you can be sure that sufficient space and a soothing atmosphere await you in all areas. After your break you\u00b4ll feel relaxed like a royal, ready to enjoy the elegance of the Ku&#8217;damm right outside the door: our hotel and spa is centrally located at Kurf\u00fcrstendamm 160, surrounded by restaurants and fine boutiques.<\/p>\r\n[\/vc_column_text][vc_btn title=&#8221;360\u00b0 TOUR&#8221; align=&#8221;center&#8221; i_icon_fontawesome=&#8221;fas fa-spa&#8221; css=&#8221;&#8221; add_icon=&#8221;true&#8221; link=&#8221;url:https%3A%2F%2Flouisas-place.de%2F360_Tour%2Findex.htm%3Fmedia-index%3D27|target:_blank&#8221; el_class=&#8221;blog_btn&#8221;][\/vc_column][\/vc_row][vc_row full_width=&#8221;stretch_row&#8221; gap=&#8221;10&#8243; content_placement=&#8221;top&#8221; el_class=&#8221;overflowFix&#8221; css=&#8221;.vc_custom_1727876438272{background-color: #f0ece7 !important;}&#8221;][vc_column width=&#8221;1\/2&#8243; el_class=&#8221;sticky-paddding&#8221;][vc_empty_space height=&#8221;64px&#8221;][vc_single_image image=&#8221;1461&#8243; img_size=&#8221;60&#215;50&#8243;][vc_empty_space][vc_column_text]\r\n<h2 style=\"text-align: left;\">Spa with sauna, pool &amp; gym<\/h2>\r\n<p style=\"text-align: left;\">Louisa\u00b4s Spa, our wellness &amp; spa area is small but has lots to offer: a pool with built-in counter-current and easy access, a modern gym, a Finnish sauna, and a steam bath. All placed in a relaxing and exklusive setting to feel like a royal.<\/p>\r\n[\/vc_column_text][vc_column_text css=&#8221;.vc_custom_1627979362015{margin-top: 20px !important;}&#8221;]\r\n<p style=\"text-align: left;\"><a class=\"icon\" href=\"https:\/\/louisas-place.de\/en\/wellness-spa\/pool-fitness-and-sauna\/\"><strong>Wind down<\/strong> <i class=\"fas fa-arrow-right\"><\/i><\/a><\/p>\r\n[\/vc_column_text][vc_empty_space height=&#8221;64px&#8221;][vc_separator color=&#8221;custom&#8221; align=&#8221;align_left&#8221; el_width=&#8221;50&#8243; accent_color=&#8221;#aa2152&#8243;][vc_empty_space height=&#8221;64px&#8221;][vc_single_image image=&#8221;1467&#8243; img_size=&#8221;60px&#8221;][vc_empty_space][vc_column_text]\r\n<h2 style=\"text-align: left;\">Massages at the hotel<\/h2>\r\nA massage is just the thing, especially at the end of an exciting day in Berlin. It relieves tension and helps body and soul to come to rest. Treat yourself to this professional treatment on your next visit to the capital and our spa therapist will leave you feeling like a royal.[\/vc_column_text][vc_column_text css=&#8221;.vc_custom_1627979396765{margin-top: 20px !important;}&#8221;]\r\n<p style=\"text-align: left;\"><a class=\"icon\" href=\"https:\/\/louisas-place.de\/en\/wellness-spa\/wellness-and-massages\/\"><strong>To massage<\/strong> <i class=\"fas fa-arrow-right\"><\/i><\/a><\/p>\r\n[\/vc_column_text][vc_empty_space height=&#8221;64px&#8221;][vc_separator color=&#8221;custom&#8221; align=&#8221;align_left&#8221; el_width=&#8221;50&#8243; accent_color=&#8221;#aa2152&#8243;][vc_empty_space height=&#8221;64px&#8221;][vc_single_image image=&#8221;1471&#8243; img_size=&#8221;60px&#8221;][vc_empty_space][vc_column_text]\r\n<h2 style=\"text-align: left;\">Louisa\u00b4s DAY Spa<\/h2>\r\nSpend a day at Louisa\u00b4s Spa without booking a hotel room and treat yourself to some indulgence. Various Day Spa Packages are available to be booked in advance and in combination with a body treatment to relax like a royal for a couple hours.[\/vc_column_text][vc_column_text css=&#8221;.vc_custom_1752497979527{margin-top: 20px !important;}&#8221;]\r\n<p style=\"text-align: left;\"><a class=\"icon\" href=\"https:\/\/louisas-place.de\/en\/wellness-spa\/louisas-day-spa\/\"><strong>To Louisa&#8217;s DAY Spa<\/strong> <i class=\"fas fa-arrow-right\"><\/i><\/a><\/p>\r\n[\/vc_column_text][vc_empty_space height=&#8221;64px&#8221;][vc_separator color=&#8221;custom&#8221; align=&#8221;align_left&#8221; el_width=&#8221;50&#8243; accent_color=&#8221;#aa2152&#8243;][vc_empty_space height=&#8221;64px&#8221;][vc_single_image image=&#8221;1469&#8243; img_size=&#8221;60px&#8221; css=&#8221;.vc_custom_1603702134860{margin-bottom: 0px !important;}&#8221;][vc_empty_space][vc_column_text css=&#8221;.vc_custom_1627904555282{margin-top: 30px !important;padding-right: 25px !important;padding-left: 0px !important;}&#8221;]\r\n<h2 style=\"text-align: left;\">Berlin Hairdressers Marcus &amp; Mira<\/h2>\r\n<p style=\"text-align: left;\">Mira El Issa and Marcus Piepenburg are hairdressers with a passion. Their salon is located directly in our beautiful Berlin boutique hotel at Kurf\u00fcrstendamm.<\/p>\r\n[\/vc_column_text][vc_column_text css=&#8221;.vc_custom_1623053982215{margin-top: 20px !important;}&#8221;]\r\n<p style=\"text-align: left;\"><a class=\"icon\" href=\"https:\/\/louisas-place.de\/en\/wellness-spa\/hairdresser\/\"><strong>More about Marcus &amp; Mira Hairdressers <\/strong> <i class=\"fas fa-arrow-right\"><\/i><\/a><\/p>\r\n[\/vc_column_text][vc_empty_space height=&#8221;64px&#8221;][\/vc_column][vc_column width=&#8221;1\/2&#8243; css=&#8221;.vc_custom_1582620172235{background-position: center !important;background-repeat: no-repeat !important;background-size: cover !important;}&#8221; el_class=&#8221;giveStickyProperty&#8221;][vc_single_image image=&#8221;3502&#8243; img_size=&#8221;full&#8221;][\/vc_column][\/vc_row][vc_row gap=&#8221;35&#8243; content_placement=&#8221;middle&#8221; el_class=&#8221;xl-paddding&#8221;][vc_column width=&#8221;1\/4&#8243;][vc_single_image image=&#8221;1268&#8243; img_size=&#8221;full&#8221; alignment=&#8221;center&#8221;][\/vc_column][vc_column width=&#8221;3\/4&#8243;][vc_column_text css=&#8221;&#8221;]\r\n<p class=\"extraHeadline\">About Louise<\/p>\r\n<em>Queen Louise is often described as the \u2018Prussian Madonna\u2019, her beauty as angelic. Poets like Novalis wrote of Louise that she was the \u2018rose of the mountain\u2019, the \u2018most glorious of all\u2019.<\/em>[\/vc_column_text][\/vc_column][\/vc_row][vc_row disable_element=&#8221;yes&#8221; css=&#8221;.vc_custom_1604434348567{margin-bottom: 50px !important;}&#8221;][vc_column width=&#8221;1\/2&#8243;][vc_column_text]Im Wellness- und Spa-Bereich unseres Hotels besch\u00e4ftigen nat\u00fcrlich auch wir uns mit dem Thema Sch\u00f6nheit, ob durch einen neuen Haarschnitt, ein tolles Make-up oder ein belebendes Facial.<span class=\"Apple-converted-space\">\u00a0<\/span>[\/vc_column_text][\/vc_column][vc_column width=&#8221;1\/2&#8243;][vc_column_text]Dass Sch\u00f6nheit aber auch von innen kommt, beweist ein Besuch bei unserer Yoga- und Ayurveda-Expertin. Wer sich einmal in ihre H\u00e4nde begeben hat, der strahlt von innen heraus.[\/vc_column_text][\/vc_column][\/vc_row][vc_row full_width=&#8221;stretch_row&#8221; css=&#8221;.vc_custom_1604432839427{background-color: rgba(179,162,135,0.24) !important;*background-color: rgb(179,162,135) !important;}&#8221; el_class=&#8221;small-paddding&#8221;][vc_column][vc_column_text css=&#8221;&#8221;]\r\n<p style=\"text-align: center;\"><i>We will be happy to provide you with further information about our Louisa\u00b4s Spa wellness offerings. Just get in touch with us &#8211; by phone or by email. Of course, you can book your spa treatment at Louisa\u2019s Place , e.g. Louisa\u00b4s Spa prior to your arrival at the hotel. <span class=\"Apple-converted-space\">\u00a0<\/span><\/i><\/p>\r\n[\/vc_column_text][vc_btn title=&#8221;Contact us&#8221; align=&#8221;center&#8221; css=&#8221;&#8221; el_class=&#8221;blog_btn&#8221; link=&#8221;url:https%3A%2F%2Flouisas-place.de%2Fen%2Fcontact%2F|title:Kontakt||&#8221;][\/vc_column][\/vc_row][vc_row full_width=&#8221;stretch_row&#8221; disable_element=&#8221;yes&#8221; el_class=&#8221;standard-paddding&#8221;][vc_column][vc_column_text css=&#8221;.vc_custom_1604434433639{margin-bottom: 25px !important;}&#8221;]\r\n<p class=\"extraHeadline\" style=\"text-align: center;\">Take the time to treat yourself<\/p>\r\n\r\n<h2 style=\"text-align: center;\">Our specials<\/h2>\r\n[\/vc_column_text][vc_column_text]Can not find Gliders[\/vc_column_text][\/vc_column][\/vc_row]<\/div>","protected":false},"excerpt":{"rendered":"<p>[vc_row full_width=&#8221;stretch_row&#8221; full_height=&#8221;yes&#8221; css=&#8221;.vc_custom_1733746244081{background-image: url(https:\/\/louisas-place.de\/wp-content\/uploads\/2020\/02\/LP_Wellness-e1604437568443.jpg?id=1506) !important;background-position: center !important;background-repeat: no-repeat !important;background-size: cover !important;}&#8221; el_class=&#8221;white-text xl-paddding teaser-image&#8221;][vc_column width=&#8221;2\/3&#8243;][vc_column_text][\/vc_column_text][\/vc_column][vc_column width=&#8221;1\/3&#8243;][\/vc_column][\/vc_row][vc_row][vc_column][vc_column_text][\/vc_column_text][\/vc_column][\/vc_row][vc_row el_class=&#8221;standard-paddding&#8221;][vc_column][vc_column_text css=&#8221;&#8221;] Royal Relaxation Wellness &amp; spa at Louisa\u2019s Place Berlin [\/vc_column_text][vc_empty_space height=&#8221;40px&#8221;][vc_column_text css=&#8221;&#8221;] As another exciting day in Berlin comes to an end, you urgently need a break or it\u00b4s pouring outside &#8211;\u00a0 why not treat yourself [&hellip;]<\/p>\n","protected":false},"author":2,"featured_media":0,"parent":0,"menu_order":0,"comment_status":"closed","ping_status":"closed","template":"rooms-teaser.php","meta":{"_acf_changed":false,"footnotes":""},"class_list":["post-5792","page","type-page","status-publish","hentry","entry"],"yoast_head":"<!-- This site is optimized with the Yoast SEO plugin v27.4 - https:\/\/yoast.com\/product\/yoast-seo-wordpress\/ -->\n<title>Wellness Hotel | Louisa&#039;s Place Berlin<\/title>\n<meta name=\"description\" content=\"Wellness Hotel at Kudamm: Relax &amp; unwind amidst the hustle &amp; bustle of the everyday life in the capital. massages\u2713 body treatments\u2713 rituals\u2713\" \/>\n<meta name=\"robots\" content=\"index, follow, max-snippet:-1, max-image-preview:large, max-video-preview:-1\" \/>\n<link rel=\"canonical\" href=\"https:\/\/louisas-place.de\/en\/wellness-spa\/\" \/>\n<meta property=\"og:locale\" content=\"en_US\" \/>\n<meta property=\"og:type\" content=\"article\" \/>\n<meta property=\"og:title\" content=\"Wellness &amp; spa | Louisa&#039;s Place Berlin\" \/>\n<meta property=\"og:description\" content=\"Wellness &amp; Spa at Kudamm: Relax &amp; unwind amidst the hustle &amp; bustle of the everyday life in the capital. massages\u2713 body treatments\u2713 rituals\u2713\" \/>\n<meta property=\"og:url\" content=\"https:\/\/louisas-place.de\/en\/wellness-spa\/\" \/>\n<meta property=\"og:site_name\" content=\"Louisa&#039;s Place\" \/>\n<meta property=\"article:publisher\" content=\"https:\/\/www.facebook.com\/HotelLouisasPlace\" \/>\n<meta property=\"article:modified_time\" content=\"2025-10-28T14:19:56+00:00\" \/>\n<meta property=\"og:image\" content=\"https:\/\/louisas-place.de\/wp-content\/uploads\/2021\/10\/iStock-994810170-crop.webp\" \/>\n\t<meta property=\"og:image:width\" content=\"1150\" \/>\n\t<meta property=\"og:image:height\" content=\"450\" \/>\n\t<meta property=\"og:image:type\" content=\"image\/jpeg\" \/>\n<meta name=\"twitter:card\" content=\"summary_large_image\" \/>\n<meta name=\"twitter:site\" content=\"@LouisasPlace\" \/>\n<meta name=\"twitter:label1\" content=\"Est. reading time\" \/>\n\t<meta name=\"twitter:data1\" content=\"5 minutes\" \/>\n<script type=\"application\/ld+json\" class=\"yoast-schema-graph\">{\"@context\":\"https:\\\/\\\/schema.org\",\"@graph\":[{\"@type\":\"WebPage\",\"@id\":\"https:\\\/\\\/louisas-place.de\\\/en\\\/wellness-spa\\\/\",\"url\":\"https:\\\/\\\/louisas-place.de\\\/en\\\/wellness-spa\\\/\",\"name\":\"Wellness Hotel | Louisa's Place Berlin\",\"isPartOf\":{\"@id\":\"https:\\\/\\\/louisas-place.de\\\/#website\"},\"datePublished\":\"2021-05-16T11:43:52+00:00\",\"dateModified\":\"2025-10-28T14:19:56+00:00\",\"description\":\"Wellness Hotel at Kudamm: Relax & unwind amidst the hustle & bustle of the everyday life in the capital. massages\u2713 body treatments\u2713 rituals\u2713\",\"breadcrumb\":{\"@id\":\"https:\\\/\\\/louisas-place.de\\\/en\\\/wellness-spa\\\/#breadcrumb\"},\"inLanguage\":\"en-US\",\"potentialAction\":[{\"@type\":\"ReadAction\",\"target\":[\"https:\\\/\\\/louisas-place.de\\\/en\\\/wellness-spa\\\/\"]}]},{\"@type\":\"BreadcrumbList\",\"@id\":\"https:\\\/\\\/louisas-place.de\\\/en\\\/wellness-spa\\\/#breadcrumb\",\"itemListElement\":[{\"@type\":\"ListItem\",\"position\":1,\"name\":\"Startseite\",\"item\":\"https:\\\/\\\/louisas-place.de\\\/en\\\/\"},{\"@type\":\"ListItem\",\"position\":2,\"name\":\"Wellness &#038; Spa\"}]},{\"@type\":\"WebSite\",\"@id\":\"https:\\\/\\\/louisas-place.de\\\/#website\",\"url\":\"https:\\\/\\\/louisas-place.de\\\/\",\"name\":\"Boutique Hotel Louisa's Place\",\"description\":\"Boutique Hotel in Berlin am Ku\u00b4damm\",\"publisher\":{\"@id\":\"https:\\\/\\\/louisas-place.de\\\/#organization\"},\"alternateName\":\"Louisa's Place Hotel Berlin\",\"potentialAction\":[{\"@type\":\"SearchAction\",\"target\":{\"@type\":\"EntryPoint\",\"urlTemplate\":\"https:\\\/\\\/louisas-place.de\\\/?s={search_term_string}\"},\"query-input\":{\"@type\":\"PropertyValueSpecification\",\"valueRequired\":true,\"valueName\":\"search_term_string\"}}],\"inLanguage\":\"en-US\"},{\"@type\":\"Organization\",\"@id\":\"https:\\\/\\\/louisas-place.de\\\/#organization\",\"name\":\"Boutique Hotel Louisa's Place | Ehret & Schimank GmbH\",\"alternateName\":\"Louisa's Place Berlin\",\"url\":\"https:\\\/\\\/louisas-place.de\\\/\",\"logo\":{\"@type\":\"ImageObject\",\"inLanguage\":\"en-US\",\"@id\":\"https:\\\/\\\/louisas-place.de\\\/#\\\/schema\\\/logo\\\/image\\\/\",\"url\":\"https:\\\/\\\/louisas-place.de\\\/wp-content\\\/uploads\\\/2019\\\/07\\\/logo_red_initials.webp\",\"contentUrl\":\"https:\\\/\\\/louisas-place.de\\\/wp-content\\\/uploads\\\/2019\\\/07\\\/logo_red_initials.webp\",\"width\":200,\"height\":121,\"caption\":\"Boutique Hotel Louisa's Place | Ehret & Schimank GmbH\"},\"image\":{\"@id\":\"https:\\\/\\\/louisas-place.de\\\/#\\\/schema\\\/logo\\\/image\\\/\"},\"sameAs\":[\"https:\\\/\\\/www.facebook.com\\\/HotelLouisasPlace\",\"https:\\\/\\\/x.com\\\/LouisasPlace\",\"https:\\\/\\\/www.instagram.com\\\/hotellouisasplace\\\/\",\"http:\\\/\\\/www.youtube.com\\\/channel\\\/UC2rvbgm9RNq9RyKA3PMTjbw\",\"https:\\\/\\\/www.linkedin.com\\\/company\\\/louisa-s-place-hotel-berlin\\\/\"]}]}<\/script>\n<!-- \/ Yoast SEO plugin. -->","yoast_head_json":{"title":"Wellness Hotel | Louisa's Place Berlin","description":"Wellness Hotel at Kudamm: Relax & unwind amidst the hustle & bustle of the everyday life in the capital. massages\u2713 body treatments\u2713 rituals\u2713","robots":{"index":"index","follow":"follow","max-snippet":"max-snippet:-1","max-image-preview":"max-image-preview:large","max-video-preview":"max-video-preview:-1"},"canonical":"https:\/\/louisas-place.de\/en\/wellness-spa\/","og_locale":"en_US","og_type":"article","og_title":"Wellness & spa | Louisa's Place Berlin","og_description":"Wellness & Spa at Kudamm: Relax & unwind amidst the hustle & bustle of the everyday life in the capital. massages\u2713 body treatments\u2713 rituals\u2713","og_url":"https:\/\/louisas-place.de\/en\/wellness-spa\/","og_site_name":"Louisa&#039;s Place","article_publisher":"https:\/\/www.facebook.com\/HotelLouisasPlace","article_modified_time":"2025-10-28T14:19:56+00:00","og_image":[{"width":1150,"height":450,"url":"https:\/\/louisas-place.de\/wp-content\/uploads\/2021\/10\/iStock-994810170-crop.webp","type":"image\/jpeg"}],"twitter_card":"summary_large_image","twitter_site":"@LouisasPlace","twitter_misc":{"Est. reading time":"5 minutes"},"schema":{"@context":"https:\/\/schema.org","@graph":[{"@type":"WebPage","@id":"https:\/\/louisas-place.de\/en\/wellness-spa\/","url":"https:\/\/louisas-place.de\/en\/wellness-spa\/","name":"Wellness Hotel | Louisa's Place Berlin","isPartOf":{"@id":"https:\/\/louisas-place.de\/#website"},"datePublished":"2021-05-16T11:43:52+00:00","dateModified":"2025-10-28T14:19:56+00:00","description":"Wellness Hotel at Kudamm: Relax & unwind amidst the hustle & bustle of the everyday life in the capital. massages\u2713 body treatments\u2713 rituals\u2713","breadcrumb":{"@id":"https:\/\/louisas-place.de\/en\/wellness-spa\/#breadcrumb"},"inLanguage":"en-US","potentialAction":[{"@type":"ReadAction","target":["https:\/\/louisas-place.de\/en\/wellness-spa\/"]}]},{"@type":"BreadcrumbList","@id":"https:\/\/louisas-place.de\/en\/wellness-spa\/#breadcrumb","itemListElement":[{"@type":"ListItem","position":1,"name":"Startseite","item":"https:\/\/louisas-place.de\/en\/"},{"@type":"ListItem","position":2,"name":"Wellness &#038; Spa"}]},{"@type":"WebSite","@id":"https:\/\/louisas-place.de\/#website","url":"https:\/\/louisas-place.de\/","name":"Boutique Hotel Louisa's Place","description":"Boutique Hotel in Berlin am Ku\u00b4damm","publisher":{"@id":"https:\/\/louisas-place.de\/#organization"},"alternateName":"Louisa's Place Hotel Berlin","potentialAction":[{"@type":"SearchAction","target":{"@type":"EntryPoint","urlTemplate":"https:\/\/louisas-place.de\/?s={search_term_string}"},"query-input":{"@type":"PropertyValueSpecification","valueRequired":true,"valueName":"search_term_string"}}],"inLanguage":"en-US"},{"@type":"Organization","@id":"https:\/\/louisas-place.de\/#organization","name":"Boutique Hotel Louisa's Place | Ehret & Schimank GmbH","alternateName":"Louisa's Place Berlin","url":"https:\/\/louisas-place.de\/","logo":{"@type":"ImageObject","inLanguage":"en-US","@id":"https:\/\/louisas-place.de\/#\/schema\/logo\/image\/","url":"https:\/\/louisas-place.de\/wp-content\/uploads\/2019\/07\/logo_red_initials.webp","contentUrl":"https:\/\/louisas-place.de\/wp-content\/uploads\/2019\/07\/logo_red_initials.webp","width":200,"height":121,"caption":"Boutique Hotel Louisa's Place | Ehret & Schimank GmbH"},"image":{"@id":"https:\/\/louisas-place.de\/#\/schema\/logo\/image\/"},"sameAs":["https:\/\/www.facebook.com\/HotelLouisasPlace","https:\/\/x.com\/LouisasPlace","https:\/\/www.instagram.com\/hotellouisasplace\/","http:\/\/www.youtube.com\/channel\/UC2rvbgm9RNq9RyKA3PMTjbw","https:\/\/www.linkedin.com\/company\/louisa-s-place-hotel-berlin\/"]}]}},"acf":[],"_links":{"self":[{"href":"https:\/\/louisas-place.de\/en\/wp-json\/wp\/v2\/pages\/5792","targetHints":{"allow":["GET"]}}],"collection":[{"href":"https:\/\/louisas-place.de\/en\/wp-json\/wp\/v2\/pages"}],"about":[{"href":"https:\/\/louisas-place.de\/en\/wp-json\/wp\/v2\/types\/page"}],"author":[{"embeddable":true,"href":"https:\/\/louisas-place.de\/en\/wp-json\/wp\/v2\/users\/2"}],"replies":[{"embeddable":true,"href":"https:\/\/louisas-place.de\/en\/wp-json\/wp\/v2\/comments?post=5792"}],"version-history":[{"count":0,"href":"https:\/\/louisas-place.de\/en\/wp-json\/wp\/v2\/pages\/5792\/revisions"}],"wp:attachment":[{"href":"https:\/\/louisas-place.de\/en\/wp-json\/wp\/v2\/media?parent=5792"}],"curies":[{"name":"wp","href":"https:\/\/api.w.org\/{rel}","templated":true}]}}