{"id":5818,"date":"2021-05-16T12:46:56","date_gmt":"2021-05-16T12:46:56","guid":{"rendered":"https:\/\/louisas-place.de\/?page_id=5818"},"modified":"2026-03-23T12:25:19","modified_gmt":"2026-03-23T12:25:19","slug":"louisas-day-spa","status":"publish","type":"page","link":"https:\/\/louisas-place.de\/en\/wellness-spa\/louisas-day-spa\/","title":{"rendered":"Louisa\u00b4s DAY Spa"},"content":{"rendered":"<div class=\"wpb-content-wrapper\">[vc_row full_width=&#8221;stretch_row&#8221; css=&#8221;.vc_custom_1727865713484{background-image: url(https:\/\/louisas-place.de\/wp-content\/uploads\/2020\/10\/LP_Slide_Poolfeet.jpg?id=3631) !important;background-position: center !important;background-repeat: no-repeat !important;background-size: cover !important;}&#8221; el_class=&#8221;white-text xl-paddding teaser-image&#8221;][vc_column width=&#8221;2\/3&#8243;][\/vc_column][vc_column width=&#8221;1\/3&#8243;][\/vc_column][\/vc_row][vc_row][vc_column][vc_column_text]\n         <div class=\"breadcrumb-wrapper\">\n             <nav class=\"breadcrumb\">\n                 <div class=\"container\">\n                     <a href=\"https:\/\/louisas-place.de\/en\/\">Home<\/a> \/ Louisa\u00b4s DAY Spa\n                 <\/div>\n             <\/nav>\n         <\/div>\n     [\/vc_column_text][\/vc_column][\/vc_row][vc_row el_class=&#8221;standard-paddding&#8221;][vc_column css=&#8221;.vc_custom_1582019845393{margin-bottom: 0px !important;}&#8221;][vc_column_text css=&#8221;&#8221;]\r\n<p class=\"extraHeadline\" style=\"text-align: left;\">More than sauna &amp; pool at the hotel<\/p>\r\n\r\n<h1 class=\"rommsIntroText\" style=\"text-align: left;\">Louisa\u00b4s DAY Spa<\/h1>\r\n[\/vc_column_text][\/vc_column][\/vc_row][vc_row el_class=&#8221;no-paddding&#8221;][vc_column css=&#8221;.vc_custom_1582019845393{margin-bottom: 0px !important;}&#8221;][vc_column_text css=&#8221;&#8221;]\r\n<p style=\"text-align: left;\">Take a little time out from your daily routine and treat yourself with a visit to our Louisa\u00b4s DAY Spa with pool, sauna &amp; steam room, modern gym and a soothing massage.<\/p>\r\n<p style=\"text-align: left;\">Our Spa concept has been designed to bridge the gap between mind and body therapies to balance the soul. Each treatment is a harmonious interplay of deep massage, in combination with precious oils of natural herbs. You\u00b4ll feel relaxed and revived.<\/p>\r\n[\/vc_column_text][vc_column_text css=&#8221;&#8221;]\r\n<p style=\"text-align: left;\">Choose your favorit DAY Spa Package and contact us right away to schedule your next day of deep relaxation.<\/p>\r\n<p style=\"text-align: left;\">Please note that Louisa\u00b4s DAY Spa can only be accessed in combination with a booked body treatment.<\/p>\r\n[\/vc_column_text][\/vc_column][\/vc_row][vc_row][vc_column][vc_single_image image=&#8221;9518&#8243; img_size=&#8221;full&#8221; alignment=&#8221;center&#8221; css_animation=&#8221;none&#8221; css=&#8221;&#8221;][\/vc_column][\/vc_row][vc_row el_class=&#8221;standard-paddding&#8221;][vc_column css=&#8221;.vc_custom_1582019845393{margin-bottom: 0px !important;}&#8221;][vc_column_text css=&#8221;&#8221;]\r\n<p class=\"extraHeadline\" style=\"text-align: left;\">Take care of yourself at Louisa&#8217;s Place<\/p>\r\n\r\n<h2 class=\"rommsIntroText\" style=\"text-align: left;\">Day spa in Berlin<\/h2>\r\n[\/vc_column_text][vc_empty_space height=&#8221;40px&#8221;][vc_column_text css=&#8221;&#8221;]\r\n<p style=\"text-align: left;\">Enjoy a day of pure luxury and total relaxation for yourself or your loved one at your Louisa&#8217;s Day Spa. Not only are our facilities state of the art, but you will also enjoy complete privacy.<\/p>\r\n<p style=\"text-align: left;\">We currently offer <strong><a href=\"https:\/\/louisas-place.de\/wp-content\/uploads\/2023\/03\/Louisa%C2%B4s-DAY-Spa-Menu-2023.pdf\">three packages<\/a><\/strong>:<\/p>\r\n<p style=\"text-align: left;\">&#8211; \u00a045 min. hot stone massage<\/p>\r\n<p style=\"text-align: left;\">&#8211; \u00a030 min. partial body massage and 30 min. reflexology massage<\/p>\r\n<p style=\"text-align: left;\">&#8211; \u00a060 min. full body massage<\/p>\r\n<p style=\"text-align: left;\">Our masseur has trained as a certified massage therapist and has been working passionately in this field for over 20 years. Find out more about <strong><a href=\"https:\/\/louisas-place.de\/en\/wellness-spa\/wellness-and-massages\/\">our massage location at Ku&#8217;damm<\/a><\/strong>.<\/p>\r\n<p style=\"text-align: left;\">For each package, you can stay in our wellness area all day and use our saunas, fitness room and pool as often as you like.<\/p>\r\n<p style=\"text-align: left;\">We attach great importance to comfort, luxury and maximum peace and quiet for our guests. For this reason, the number of daily places is limited.<\/p>\r\n<p style=\"text-align: left;\">For your DAY Spa registration and appointment booking, please contact the Louisa&#8217;s Place Hotel reception on 030 631 030 or send us an e-mail.<\/p>\r\n[\/vc_column_text][vc_empty_space][vc_btn title=&#8221;Book your day spa in Berlin now&#8221; align=&#8221;center&#8221; css=&#8221;&#8221; link=&#8221;url:https%3A%2F%2Flouisas-place.de%2Fen%2Fcontact%2F|target:_blank&#8221; el_class=&#8221;blog_btn&#8221;][\/vc_column][\/vc_row][vc_row][vc_column width=&#8221;1\/4&#8243;][\/vc_column][vc_column width=&#8221;1\/2&#8243;][\/vc_column][vc_column width=&#8221;1\/4&#8243;][\/vc_column][\/vc_row][vc_row][vc_column][vc_single_image image=&#8221;9523&#8243; img_size=&#8221;full&#8221; alignment=&#8221;center&#8221; css_animation=&#8221;none&#8221; css=&#8221;&#8221;][\/vc_column][\/vc_row][vc_row el_class=&#8221;standard-paddding&#8221;][vc_column css=&#8221;.vc_custom_1582019845393{margin-bottom: 0px !important;}&#8221;][vc_column_text]\r\n<p class=\"extraHeadline\" style=\"text-align: center;\">Lots of time and space for you<\/p>\r\n\r\n<h2 class=\"rommsIntroText\" style=\"text-align: center;\">More than just a time out<\/h2>\r\n[\/vc_column_text][vc_empty_space height=&#8221;40px&#8221;][vc_column_text css=&#8221;&#8221;]\r\n<p style=\"text-align: left;\">Visit our Louisa\u00b4s DAY Spa and let go of everything for a couple hours.<\/p>\r\n<p style=\"text-align: left;\">When choosing one of our Day Spa packages you gain unlimited access to our exclusive hotel spa area and might want to spend the whole day without looking at the clock at all.<\/p>\r\n<p style=\"text-align: left;\">At Louisa\u00b4s Spa you\u00b4ll find changing rooms, lockers and showers at your disposal and a feel-good bag to use on site will provide you with towels, slippers and a cozy bathrobe to get started right away.<\/p>\r\n<p style=\"text-align: left;\">Get in shape <a href=\"https:\/\/louisas-place.de\/en\/wellness-spa\/pool-fitness-and-sauna\/\" target=\"_blank\" rel=\"noopener\"><strong>in our modern gym<\/strong><\/a>, warm up in the sauna or relax in the pool before our certified Spa therapist will treat you like a royal on your upcoming body treatment.<\/p>\r\n<p style=\"text-align: left;\">Take a closer look into our Louisa\u00b4s DAY Spa packages here:<\/p>\r\n[\/vc_column_text][vc_empty_space][vc_btn title=&#8221;Louisa\u00b4s DAY Spa Menu&#8221; color=&#8221;chino&#8221; align=&#8221;center&#8221; link=&#8221;url:https%3A%2F%2Flouisas-place.de%2Fwp-content%2Fuploads%2F2023%2F03%2FLouisa%C2%B4s-DAY-Spa-Menu-2023.pdf|||&#8221;][\/vc_column][\/vc_row][vc_row gap=&#8221;35&#8243; el_class=&#8221;standard-paddding&#8221;][vc_column][vc_single_image image=&#8221;7373&#8243; img_size=&#8221;full&#8221; css=&#8221;&#8221;][vc_column_text css=&#8221;&#8221;]\r\n<h2><span style=\"color: #735200;\">Our treatments offer more than a massage and are relaxing, indulging and energising.<\/span><\/h2>\r\n[\/vc_column_text][vc_empty_space][vc_column_text css=&#8221;&#8221;]<span style=\"color: #735200;\">DECISION<\/span>\r\nBy deciding yourself for a treatment, you acknowledge that our emotional, mental and physical health require extra attention. We take the body on a relaxing and purifying journey whilst opening up pathways to assist the mind and spirit to heal.[\/vc_column_text][vc_column_text css=&#8221;&#8221;]\r\n<div class=\"wpb_text_column wpb_content_element \">\r\n<div class=\"wpb_wrapper\">\r\n\r\n<span style=\"color: #735200;\">THE LONG EXHALE<\/span>\r\nStart into each treatment with a long exhale. Allow your body, mind and soul to calm down and to leave negative feelings behind.\u00a0 Feeling into self allows you to center yourself and discover a greater understanding of your own ability to balance and heal.\r\n\r\n<\/div>\r\n<\/div>\r\n[\/vc_column_text][vc_column_text css=&#8221;&#8221;]\r\n<div class=\"wpb_text_column wpb_content_element \">\r\n<div class=\"wpb_wrapper\"><span style=\"color: #735200;\">LET GO<\/span>\r\nAll relaxation treatments allows the system time to rest, unwind and let go. They clear energy pathways, allowing positivity and well-being to enter the system. A retreat for both the body and mind.<\/div>\r\n<\/div>\r\n[\/vc_column_text][vc_column_text css=&#8221;&#8221;]\r\n<div class=\"wpb_text_column wpb_content_element \">\r\n<div class=\"wpb_wrapper\">\r\n\r\n<span style=\"color: #735200;\">REST, REVIVE &amp; RECHARGE<\/span>\r\nDesigned to warm up the body, release tired muscles and untangle the system&#8217;s blockages, each treatments assists in a healthy recovery by restoring energy to the vessel and unlocking those aches and pains.\r\n\r\n<\/div>\r\n<\/div>\r\n[\/vc_column_text][\/vc_column][\/vc_row][vc_row full_width=&#8221;stretch_row&#8221; content_placement=&#8221;top&#8221; disable_element=&#8221;yes&#8221; css=&#8221;.vc_custom_1603709410093{margin-top: 50px !important;margin-bottom: 0px !important;padding-top: 0px !important;padding-bottom: 30px !important;}&#8221;][vc_column width=&#8221;1\/2&#8243;][vc_column_text css=&#8221;.vc_custom_1603578339006{margin-left: 40px !important;}&#8221;]\r\n<h3 style=\"text-align: left;\">Ich habe die F\u00e4higkeit Gef\u00fchle und Gedanken wahrzunehmen, zu verstehen, zu benennen, auszudr\u00fccken, zu transportieren und zu reflektieren.<\/h3>\r\n[\/vc_column_text][\/vc_column][vc_column width=&#8221;1\/2&#8243; css=&#8221;.vc_custom_1582039786450{margin-left: 40px !important;padding-right: 100px !important;}&#8221;][vc_column_text]Meine Arbeit mit \u00e4therischen \u00d6len, basierend auf moderner Aromatherapie verstehe ich als Kunst und ein effektives Hilfsmittel, mit sich selbst, der Natur und der Essenz in Verbindung zu kommen.\r\nDie Hingabe zur Naturheilkunde, vor allem dem Ayurveda ist f\u00fcr mich das Fundament den Menschen ganzheitlich (K\u00f6rper, Geist und Seele) als Individuum zu betrachten zu k\u00f6nnen und gleichzeitig als Teil des Gro\u00dfen und Ganzen, zu dem er in Wechselwirkung steht zu verstehen.[\/vc_column_text][\/vc_column][\/vc_row][vc_row full_width=&#8221;stretch_row&#8221; disable_element=&#8221;yes&#8221; css=&#8221;.vc_custom_1603708652057{margin-bottom: 50px !important;}&#8221;][vc_column width=&#8221;1\/2&#8243; css=&#8221;.vc_custom_1582039929350{margin-left: 0px !important;padding-left: 0px !important;}&#8221;][vc_column_text css=&#8221;.vc_custom_1604439418070{margin-left: 40px !important;}&#8221;]\r\n<p style=\"text-align: left;\">Jedes Ritual wirkt ganzheitlich auf allen Ebenen. K\u00f6rperliche Entspannung, Beruhigung im Geist und ein alles durchstr\u00f6mendes Wohlgef\u00fchl, ist eine Umarmung f\u00fcr ihre Seele.\r\nDie besondere Symbiose aus traditioneller Massage und modernem Treatment, basierend auf Aromatherapie &amp; Ayurveda ist abgestimmt auf die Bed\u00fcrfnisse der heutigen Zeit.\r\nWir sehen die Welt im Wandel, der immer in uns selbst beginnt.[\/vc_column_text][\/vc_column][vc_column width=&#8221;1\/2&#8243; css=&#8221;.vc_custom_1582034352961{margin-left: 40px !important;padding-right: 100px !important;}&#8221;][vc_column_text]F\u00fchlen Sie sich eingeladen mit unserer Hilfe etwas tiefer zu entspannen, tiefer zu schauen und in sich selbst hinein zu f\u00fchlen.\r\nWir begleiten Sie und bieten Ihnen Raum &amp; Zeit, um Hier &amp; Jetzt loszulassen.\r\n\u00dcberlastung, Chaos, negativer Stress und Krankheit m\u00fcssen nicht sein.\r\n\u201eLouisa\u00b4s Rituals\u201c wurde konzipiert, um einen Beitrag zur allgemeinen Stressreduktion zu leisten, dem Menschen zu helfen, das Verantwortungsbewusstsein beginnend in sich selbst zu steigern und den Planeten zu sch\u00fctzen.[\/vc_column_text][vc_column_text][\/vc_column_text][\/vc_column][\/vc_row]<\/p><\/div>","protected":false},"excerpt":{"rendered":"<p>[vc_row full_width=&#8221;stretch_row&#8221; css=&#8221;.vc_custom_1727865713484{background-image: url(https:\/\/louisas-place.de\/wp-content\/uploads\/2020\/10\/LP_Slide_Poolfeet.jpg?id=3631) !important;background-position: center !important;background-repeat: no-repeat !important;background-size: cover !important;}&#8221; el_class=&#8221;white-text xl-paddding teaser-image&#8221;][vc_column width=&#8221;2\/3&#8243;][\/vc_column][vc_column width=&#8221;1\/3&#8243;][\/vc_column][\/vc_row][vc_row][vc_column][vc_column_text][\/vc_column_text][\/vc_column][\/vc_row][vc_row el_class=&#8221;standard-paddding&#8221;][vc_column css=&#8221;.vc_custom_1582019845393{margin-bottom: 0px !important;}&#8221;][vc_column_text css=&#8221;&#8221;] More than sauna &amp; pool at the hotel Louisa\u00b4s DAY Spa [\/vc_column_text][\/vc_column][\/vc_row][vc_row el_class=&#8221;no-paddding&#8221;][vc_column css=&#8221;.vc_custom_1582019845393{margin-bottom: 0px !important;}&#8221;][vc_column_text css=&#8221;&#8221;] Take a little time out from your daily routine and treat yourself with a visit to our [&hellip;]<\/p>\n","protected":false},"author":2,"featured_media":0,"parent":5792,"menu_order":0,"comment_status":"closed","ping_status":"closed","template":"default_2.php","meta":{"_acf_changed":false,"footnotes":""},"class_list":["post-5818","page","type-page","status-publish","hentry","entry"],"yoast_head":"<!-- This site is optimized with the Yoast SEO plugin v27.4 - https:\/\/yoast.com\/product\/yoast-seo-wordpress\/ -->\n<title>Day Spa - Wellness directly at Ku&#039;damm | Louisa&#039;s Place Berlin<\/title>\n<meta name=\"description\" content=\"Take time out of your daily routine in Louisa\u2019s Place Hotel with pool \u25ba Book a day spa package now to relax &amp; recharge during your stay\" \/>\n<meta name=\"robots\" content=\"index, follow, max-snippet:-1, max-image-preview:large, max-video-preview:-1\" \/>\n<link rel=\"canonical\" href=\"https:\/\/louisas-place.de\/en\/wellness-spa\/louisas-day-spa\/\" \/>\n<meta property=\"og:locale\" content=\"en_US\" \/>\n<meta property=\"og:type\" content=\"article\" \/>\n<meta property=\"og:title\" content=\"Louisa\u00b4s DAY Spa | Louisa&#039;s Place Berlin\" \/>\n<meta property=\"og:description\" content=\"Take a time from your daily routine our at Louisa\u00b4s DAY Spa when visiting Louisa\u00b4s Place Hotel and feel relaxed and revived.\" \/>\n<meta property=\"og:url\" content=\"https:\/\/louisas-place.de\/en\/wellness-spa\/louisas-day-spa\/\" \/>\n<meta property=\"og:site_name\" content=\"Louisa&#039;s Place\" \/>\n<meta property=\"article:publisher\" content=\"https:\/\/www.facebook.com\/HotelLouisasPlace\" \/>\n<meta property=\"article:modified_time\" content=\"2026-03-23T12:25:19+00:00\" \/>\n<meta property=\"og:image\" content=\"https:\/\/louisas-place.de\/wp-content\/uploads\/2023\/02\/Logo-Louisas-SPA-braun-scaled.webp\" \/>\n\t<meta property=\"og:image:width\" content=\"1920\" \/>\n\t<meta property=\"og:image:height\" content=\"1021\" \/>\n\t<meta property=\"og:image:type\" content=\"image\/jpeg\" \/>\n<meta name=\"twitter:card\" content=\"summary_large_image\" \/>\n<meta name=\"twitter:site\" content=\"@LouisasPlace\" \/>\n<meta name=\"twitter:label1\" content=\"Est. reading time\" \/>\n\t<meta name=\"twitter:data1\" content=\"5 minutes\" \/>\n<script type=\"application\/ld+json\" class=\"yoast-schema-graph\">{\"@context\":\"https:\\\/\\\/schema.org\",\"@graph\":[{\"@type\":\"WebPage\",\"@id\":\"https:\\\/\\\/louisas-place.de\\\/en\\\/wellness-spa\\\/louisas-day-spa\\\/\",\"url\":\"https:\\\/\\\/louisas-place.de\\\/en\\\/wellness-spa\\\/louisas-day-spa\\\/\",\"name\":\"Day Spa - Wellness directly at Ku'damm | Louisa's Place Berlin\",\"isPartOf\":{\"@id\":\"https:\\\/\\\/louisas-place.de\\\/#website\"},\"datePublished\":\"2021-05-16T12:46:56+00:00\",\"dateModified\":\"2026-03-23T12:25:19+00:00\",\"description\":\"Take time out of your daily routine in Louisa\u2019s Place Hotel with pool \u25ba Book a day spa package now to relax & recharge during your stay\",\"breadcrumb\":{\"@id\":\"https:\\\/\\\/louisas-place.de\\\/en\\\/wellness-spa\\\/louisas-day-spa\\\/#breadcrumb\"},\"inLanguage\":\"en-US\",\"potentialAction\":[{\"@type\":\"ReadAction\",\"target\":[\"https:\\\/\\\/louisas-place.de\\\/en\\\/wellness-spa\\\/louisas-day-spa\\\/\"]}]},{\"@type\":\"BreadcrumbList\",\"@id\":\"https:\\\/\\\/louisas-place.de\\\/en\\\/wellness-spa\\\/louisas-day-spa\\\/#breadcrumb\",\"itemListElement\":[{\"@type\":\"ListItem\",\"position\":1,\"name\":\"Startseite\",\"item\":\"https:\\\/\\\/louisas-place.de\\\/en\\\/\"},{\"@type\":\"ListItem\",\"position\":2,\"name\":\"Wellness &#038; Spa\",\"item\":\"https:\\\/\\\/louisas-place.de\\\/en\\\/wellness-spa\\\/\"},{\"@type\":\"ListItem\",\"position\":3,\"name\":\"Louisa\u00b4s DAY Spa\"}]},{\"@type\":\"WebSite\",\"@id\":\"https:\\\/\\\/louisas-place.de\\\/#website\",\"url\":\"https:\\\/\\\/louisas-place.de\\\/\",\"name\":\"Boutique Hotel Louisa's Place\",\"description\":\"Boutique Hotel in Berlin am Ku\u00b4damm\",\"publisher\":{\"@id\":\"https:\\\/\\\/louisas-place.de\\\/#organization\"},\"alternateName\":\"Louisa's Place Hotel Berlin\",\"potentialAction\":[{\"@type\":\"SearchAction\",\"target\":{\"@type\":\"EntryPoint\",\"urlTemplate\":\"https:\\\/\\\/louisas-place.de\\\/?s={search_term_string}\"},\"query-input\":{\"@type\":\"PropertyValueSpecification\",\"valueRequired\":true,\"valueName\":\"search_term_string\"}}],\"inLanguage\":\"en-US\"},{\"@type\":\"Organization\",\"@id\":\"https:\\\/\\\/louisas-place.de\\\/#organization\",\"name\":\"Boutique Hotel Louisa's Place | Ehret & Schimank GmbH\",\"alternateName\":\"Louisa's Place Berlin\",\"url\":\"https:\\\/\\\/louisas-place.de\\\/\",\"logo\":{\"@type\":\"ImageObject\",\"inLanguage\":\"en-US\",\"@id\":\"https:\\\/\\\/louisas-place.de\\\/#\\\/schema\\\/logo\\\/image\\\/\",\"url\":\"https:\\\/\\\/louisas-place.de\\\/wp-content\\\/uploads\\\/2019\\\/07\\\/logo_red_initials.webp\",\"contentUrl\":\"https:\\\/\\\/louisas-place.de\\\/wp-content\\\/uploads\\\/2019\\\/07\\\/logo_red_initials.webp\",\"width\":200,\"height\":121,\"caption\":\"Boutique Hotel Louisa's Place | Ehret & Schimank GmbH\"},\"image\":{\"@id\":\"https:\\\/\\\/louisas-place.de\\\/#\\\/schema\\\/logo\\\/image\\\/\"},\"sameAs\":[\"https:\\\/\\\/www.facebook.com\\\/HotelLouisasPlace\",\"https:\\\/\\\/x.com\\\/LouisasPlace\",\"https:\\\/\\\/www.instagram.com\\\/hotellouisasplace\\\/\",\"http:\\\/\\\/www.youtube.com\\\/channel\\\/UC2rvbgm9RNq9RyKA3PMTjbw\",\"https:\\\/\\\/www.linkedin.com\\\/company\\\/louisa-s-place-hotel-berlin\\\/\"]}]}<\/script>\n<!-- \/ Yoast SEO plugin. -->","yoast_head_json":{"title":"Day Spa - Wellness directly at Ku'damm | Louisa's Place Berlin","description":"Take time out of your daily routine in Louisa\u2019s Place Hotel with pool \u25ba Book a day spa package now to relax & recharge during your stay","robots":{"index":"index","follow":"follow","max-snippet":"max-snippet:-1","max-image-preview":"max-image-preview:large","max-video-preview":"max-video-preview:-1"},"canonical":"https:\/\/louisas-place.de\/en\/wellness-spa\/louisas-day-spa\/","og_locale":"en_US","og_type":"article","og_title":"Louisa\u00b4s DAY Spa | Louisa's Place Berlin","og_description":"Take a time from your daily routine our at Louisa\u00b4s DAY Spa when visiting Louisa\u00b4s Place Hotel and feel relaxed and revived.","og_url":"https:\/\/louisas-place.de\/en\/wellness-spa\/louisas-day-spa\/","og_site_name":"Louisa&#039;s Place","article_publisher":"https:\/\/www.facebook.com\/HotelLouisasPlace","article_modified_time":"2026-03-23T12:25:19+00:00","og_image":[{"width":1920,"height":1021,"url":"https:\/\/louisas-place.de\/wp-content\/uploads\/2023\/02\/Logo-Louisas-SPA-braun-scaled.webp","type":"image\/jpeg"}],"twitter_card":"summary_large_image","twitter_site":"@LouisasPlace","twitter_misc":{"Est. reading time":"5 minutes"},"schema":{"@context":"https:\/\/schema.org","@graph":[{"@type":"WebPage","@id":"https:\/\/louisas-place.de\/en\/wellness-spa\/louisas-day-spa\/","url":"https:\/\/louisas-place.de\/en\/wellness-spa\/louisas-day-spa\/","name":"Day Spa - Wellness directly at Ku'damm | Louisa's Place Berlin","isPartOf":{"@id":"https:\/\/louisas-place.de\/#website"},"datePublished":"2021-05-16T12:46:56+00:00","dateModified":"2026-03-23T12:25:19+00:00","description":"Take time out of your daily routine in Louisa\u2019s Place Hotel with pool \u25ba Book a day spa package now to relax & recharge during your stay","breadcrumb":{"@id":"https:\/\/louisas-place.de\/en\/wellness-spa\/louisas-day-spa\/#breadcrumb"},"inLanguage":"en-US","potentialAction":[{"@type":"ReadAction","target":["https:\/\/louisas-place.de\/en\/wellness-spa\/louisas-day-spa\/"]}]},{"@type":"BreadcrumbList","@id":"https:\/\/louisas-place.de\/en\/wellness-spa\/louisas-day-spa\/#breadcrumb","itemListElement":[{"@type":"ListItem","position":1,"name":"Startseite","item":"https:\/\/louisas-place.de\/en\/"},{"@type":"ListItem","position":2,"name":"Wellness &#038; Spa","item":"https:\/\/louisas-place.de\/en\/wellness-spa\/"},{"@type":"ListItem","position":3,"name":"Louisa\u00b4s DAY Spa"}]},{"@type":"WebSite","@id":"https:\/\/louisas-place.de\/#website","url":"https:\/\/louisas-place.de\/","name":"Boutique Hotel Louisa's Place","description":"Boutique Hotel in Berlin am Ku\u00b4damm","publisher":{"@id":"https:\/\/louisas-place.de\/#organization"},"alternateName":"Louisa's Place Hotel Berlin","potentialAction":[{"@type":"SearchAction","target":{"@type":"EntryPoint","urlTemplate":"https:\/\/louisas-place.de\/?s={search_term_string}"},"query-input":{"@type":"PropertyValueSpecification","valueRequired":true,"valueName":"search_term_string"}}],"inLanguage":"en-US"},{"@type":"Organization","@id":"https:\/\/louisas-place.de\/#organization","name":"Boutique Hotel Louisa's Place | Ehret & Schimank GmbH","alternateName":"Louisa's Place Berlin","url":"https:\/\/louisas-place.de\/","logo":{"@type":"ImageObject","inLanguage":"en-US","@id":"https:\/\/louisas-place.de\/#\/schema\/logo\/image\/","url":"https:\/\/louisas-place.de\/wp-content\/uploads\/2019\/07\/logo_red_initials.webp","contentUrl":"https:\/\/louisas-place.de\/wp-content\/uploads\/2019\/07\/logo_red_initials.webp","width":200,"height":121,"caption":"Boutique Hotel Louisa's Place | Ehret & Schimank GmbH"},"image":{"@id":"https:\/\/louisas-place.de\/#\/schema\/logo\/image\/"},"sameAs":["https:\/\/www.facebook.com\/HotelLouisasPlace","https:\/\/x.com\/LouisasPlace","https:\/\/www.instagram.com\/hotellouisasplace\/","http:\/\/www.youtube.com\/channel\/UC2rvbgm9RNq9RyKA3PMTjbw","https:\/\/www.linkedin.com\/company\/louisa-s-place-hotel-berlin\/"]}]}},"acf":[],"_links":{"self":[{"href":"https:\/\/louisas-place.de\/en\/wp-json\/wp\/v2\/pages\/5818","targetHints":{"allow":["GET"]}}],"collection":[{"href":"https:\/\/louisas-place.de\/en\/wp-json\/wp\/v2\/pages"}],"about":[{"href":"https:\/\/louisas-place.de\/en\/wp-json\/wp\/v2\/types\/page"}],"author":[{"embeddable":true,"href":"https:\/\/louisas-place.de\/en\/wp-json\/wp\/v2\/users\/2"}],"replies":[{"embeddable":true,"href":"https:\/\/louisas-place.de\/en\/wp-json\/wp\/v2\/comments?post=5818"}],"version-history":[{"count":2,"href":"https:\/\/louisas-place.de\/en\/wp-json\/wp\/v2\/pages\/5818\/revisions"}],"predecessor-version":[{"id":12830,"href":"https:\/\/louisas-place.de\/en\/wp-json\/wp\/v2\/pages\/5818\/revisions\/12830"}],"up":[{"embeddable":true,"href":"https:\/\/louisas-place.de\/en\/wp-json\/wp\/v2\/pages\/5792"}],"wp:attachment":[{"href":"https:\/\/louisas-place.de\/en\/wp-json\/wp\/v2\/media?parent=5818"}],"curies":[{"name":"wp","href":"https:\/\/api.w.org\/{rel}","templated":true}]}}