{"id":5822,"date":"2021-05-16T13:12:40","date_gmt":"2021-05-16T13:12:40","guid":{"rendered":"https:\/\/louisas-place.de\/?page_id=5822"},"modified":"2025-10-28T14:32:30","modified_gmt":"2025-10-28T14:32:30","slug":"pool-fitness-and-sauna","status":"publish","type":"page","link":"https:\/\/louisas-place.de\/en\/wellness-spa\/pool-fitness-and-sauna\/","title":{"rendered":"Pool, Fitness and Sauna"},"content":{"rendered":"<div class=\"wpb-content-wrapper\">[vc_row full_width=&#8221;stretch_row&#8221; css=&#8221;.vc_custom_1604436453150{background-image: url(https:\/\/louisas-place.de\/wp-content\/uploads\/2020\/10\/LP_Slide_Pool2-e1604434572776.jpg?id=3628) !important;background-position: center !important;background-repeat: no-repeat !important;background-size: cover !important;}&#8221; el_class=&#8221;white-text xl-paddding teaser-image&#8221;][vc_column width=&#8221;2\/3&#8243;][vc_column_text][\/vc_column_text][\/vc_column][vc_column width=&#8221;1\/3&#8243;][\/vc_column][\/vc_row][vc_row][vc_column][vc_column_text]\n         <div class=\"breadcrumb-wrapper\">\n             <nav class=\"breadcrumb\">\n                 <div class=\"container\">\n                     <a href=\"https:\/\/louisas-place.de\/en\/\">Home<\/a> \/ Pool, Fitness and Sauna\n                 <\/div>\n             <\/nav>\n         <\/div>\n     [\/vc_column_text][\/vc_column][\/vc_row][vc_row el_class=&#8221;standard-paddding&#8221;][vc_column css=&#8221;.vc_custom_1584570449573{margin-bottom: 0px !important;}&#8221;][vc_column_text css=&#8221;&#8221;]\r\n<p class=\"extraHeadline\" style=\"text-align: left;\">But that is pool<\/p>\r\n\r\n<h1 class=\"rommsIntroText\" style=\"text-align: left;\">Dive into Berlin:\r\nOur charming boutique hotel with a pool and sauna<\/h1>\r\n[\/vc_column_text][vc_empty_space height=&#8221;40px&#8221;][vc_column_text css=&#8221;&#8221;]\r\n<p style=\"text-align: left;\">Retreat to the intimate, calm atmosphere of our tranquil wellness &amp; spa area called Louisa\u00b4s Spa. Many guests expect to find wellness areas only at Berlin\u2019s big city hotels, and are surprised to discover our little gem: the Finnish sauna, next to it a steam bath, an \u2018endless\u2019 pool with counter-current system, and a modern gym.<\/p>\r\n<p style=\"text-align: left;\"><a href=\"https:\/\/louisas-place.de\/en\/wellness-spa\/louisas-day-spa\/\" target=\"_blank\" rel=\"noopener\"><strong>The Louisa\u00b4s Spa<\/strong><\/a> at Louisa\u2019s Place is used exclusively by our hotel guests and some selected day guests, which means things never get too busy, both in the sauna and in the artistically decorated pool and relaxation area.<\/p>\r\n[\/vc_column_text][vc_btn title=&#8221;360\u00b0 TOUR&#8221; align=&#8221;center&#8221; i_align=&#8221;right&#8221; i_icon_fontawesome=&#8221;fas fa-swimmer&#8221; css=&#8221;&#8221; add_icon=&#8221;true&#8221; link=&#8221;url:https%3A%2F%2F360studio.berlin%2Flouisas-place%2Findex.htm%3Fmedia-index%3D27|target:_blank&#8221; el_class=&#8221;blog_btn&#8221;][\/vc_column][\/vc_row][vc_row gap=&#8221;35&#8243; content_placement=&#8221;middle&#8221; css=&#8221;.vc_custom_1604504568095{border-radius: 35px !important;}&#8221; el_class=&#8221;no-paddding&#8221;][vc_column width=&#8221;1\/2&#8243;][vc_single_image image=&#8221;1461&#8243; img_size=&#8221;60&#215;50&#8243;][vc_empty_space][vc_column_text]\r\n<h2>Swimming pool<\/h2>\r\nEnjoy a peaceful atmosphere around the pool of our family-run hotel, too. You can relax here, do your laps, or just sit back and admire the artist\u2019s rendition of Potsdam on the walls. Thanks to the counter-current system and the shallow entry, the pool is suitable for big or small, young or a bit older, active or with limited mobility \u2013 for everybody, in other words.[\/vc_column_text][\/vc_column][vc_column width=&#8221;1\/2&#8243;][vc_single_image image=&#8221;3636&#8243; img_size=&#8221;full&#8221; css_animation=&#8221;fadeInRight&#8221;][\/vc_column][\/vc_row][vc_row gap=&#8221;35&#8243; content_placement=&#8221;middle&#8221;][vc_column width=&#8221;1\/2&#8243;][vc_single_image image=&#8221;4617&#8243; img_size=&#8221;full&#8221; css_animation=&#8221;fadeInLeft&#8221;][\/vc_column][vc_column width=&#8221;1\/2&#8243;][vc_single_image image=&#8221;1538&#8243; img_size=&#8221;62&#215;29&#8243;][vc_empty_space][vc_column_text]\r\n<h2 style=\"text-align: left;\">Fitness , Endurance and Strength<\/h2>\r\n<p style=\"text-align: left;\">Just relaxing isn\u2019t relaxing enough? Is your motto more along the lines of \u2018switch off by working out\u2019? Then our modern gym has the right equipment for endurance and strength. Besides treadmill, weight bench and indoor cycle bike the new award-winning fitness mirror by VAHA leaves no room for any more excuses. Looking out the pool and the wall painting behind it, our gym may give you a whole new view of fitness.<\/p>\r\n[\/vc_column_text][\/vc_column][\/vc_row][vc_row gap=&#8221;35&#8243; content_placement=&#8221;middle&#8221; css=&#8221;.vc_custom_1604504580551{border-radius: 35px !important;}&#8221;][vc_column width=&#8221;1\/2&#8243;][vc_single_image image=&#8221;1548&#8243; img_size=&#8221;60&#215;65&#8243;][vc_empty_space][vc_column_text css=&#8221;&#8221;]\r\n<h2 style=\"text-align: left;\">Steam bath &amp; Finnish sauna<\/h2>\r\n<p style=\"text-align: left;\">Louisa\u2019s Place offers you a nice change of pace, because it is quite rare to find a charming little <a href=\"https:\/\/louisas-place.de\/en\/wellness-spa\/\" target=\"_blank\" rel=\"noopener\"><strong>city hotel with a sauna or steam bath<\/strong><\/a> and we have both! And at some times of the day it can happen that you have the Finnish sauna or the cleansing steam bath all to yourself. Not that we guarantee you a private sauna, but you might be so lucky&#8230;<\/p>\r\n[\/vc_column_text][\/vc_column][vc_column width=&#8221;1\/2&#8243;][vc_single_image image=&#8221;4619&#8243; img_size=&#8221;full&#8221; css_animation=&#8221;fadeInRight&#8221;][\/vc_column][\/vc_row][vc_row full_width=&#8221;stretch_row_content&#8221; full_height=&#8221;yes&#8221; equal_height=&#8221;yes&#8221; content_placement=&#8221;top&#8221; parallax=&#8221;content-moving&#8221; disable_element=&#8221;yes&#8221; css=&#8221;.vc_custom_1602616763956{margin-top: 0px !important;margin-bottom: 0px !important;padding-top: 20px !important;padding-bottom: 20px !important;}&#8221;][vc_column css=&#8221;.vc_custom_1582020811797{margin-left: 0px !important;padding-bottom: 0px !important;padding-left: 50px !important;background-color: rgba(179,162,135,0.24) !important;*background-color: rgb(179,162,135) !important;}&#8221;][vc_row_inner equal_height=&#8221;yes&#8221; content_placement=&#8221;top&#8221; gap=&#8221;20&#8243; css=&#8221;.vc_custom_1584570243696{margin-right: 50px !important;margin-bottom: 0px !important;padding-top: 40px !important;padding-bottom: 40px !important;}&#8221;][vc_column_inner width=&#8221;1\/3&#8243; css=&#8221;.vc_custom_1584570064134{margin-left: px !important;padding-right: 50px !important;padding-left: 50px !important;}&#8221;][vc_single_image image=&#8221;1548&#8243; img_size=&#8221;50&#215;50&#8243; alignment=&#8221;center&#8221; css=&#8221;.vc_custom_1584569955654{margin-bottom: 30px !important;}&#8221;][vc_column_text css=&#8221;.vc_custom_1602616136236{margin-top: 0px !important;padding-right: 25px !important;padding-left: 0px !important;}&#8221;]\r\n<h2 style=\"text-align: center;\">Dampfbad und\r\nFinnische\u00a0Sauna<\/h2>\r\n<p style=\"text-align: center;\">Eine sch\u00f6ne Abwechslung erleben Sie im Louisas Place, denn eher selten findet sich ein charmantes, kleines Stadt-Hotel\u00a0mit\u00a0Sauna oder Dampfbad. Da bei uns nur Hausg\u00e4ste Zutritt haben, kann es schon mal vorkommen, dass Sie ganz allein in der\u00a0finnischen Sauna\u00a0oder im\u00a0reinigenden Dampfbad\u00a0sind. Nicht dass wir Ihnen eine\u00a0Private-Sauna\u00a0garantieren, aber vielleicht haben Sie ja Gl\u00fcck\u2026<\/p>\r\n[\/vc_column_text][\/vc_column_inner][vc_column_inner width=&#8221;1\/3&#8243; css=&#8221;.vc_custom_1584570072312{padding-right: 50px !important;padding-left: 50px !important;}&#8221;][vc_single_image image=&#8221;1461&#8243; img_size=&#8221;60&#215;50&#8243; alignment=&#8221;center&#8221; css=&#8221;.vc_custom_1582019422527{margin-bottom: 30px !important;}&#8221;][vc_column_text css=&#8221;.vc_custom_1602616150467{margin-top: 00px !important;padding-right: 25px !important;padding-left: 0px !important;}&#8221;]\r\n<h2 style=\"text-align: center;\">Schwimmbad mit\r\nGegenstromanlage<\/h2>\r\n<p style=\"text-align: center;\">Eine unaufgeregte Atmosph\u00e4re begegnet Ihnen auch am\u00a0Pool\u00a0unseres famili\u00e4ren Hotels. Entspannt k\u00f6nnen Sie hier abtauchen, Ihre Runden drehen oder sich einfach zur\u00fccklehnen und die Potsdamer Kunstlandschaft an den W\u00e4nden bewundern. Durch die Gegenstromanlage und den flachen Einstieg eignet sich der\u00a0Pool\u00a0f\u00fcr gro\u00df oder klein, jung oder schon etwas \u00e4lter, aktiv oder mobil eingeschr\u00e4nkt &#8211; f\u00fcr Jedermann und auch Jede(r)frau eben.<\/p>\r\n[\/vc_column_text][\/vc_column_inner][vc_column_inner width=&#8221;1\/3&#8243; css=&#8221;.vc_custom_1584570295806{padding-right: 50px !important;padding-left: 50px !important;}&#8221;][vc_single_image image=&#8221;1538&#8243; img_size=&#8221;50&#215;50&#8243; alignment=&#8221;center&#8221; css=&#8221;.vc_custom_1584569961874{margin-bottom: 30px !important;}&#8221;][vc_column_text css=&#8221;.vc_custom_1602616161073{margin-top: 00px !important;padding-right: 25px !important;padding-left: 0px !important;}&#8221;]\r\n<h2 style=\"text-align: center;\">Fitness, Ausdauer\r\nund Kraft<\/h2>\r\n<p style=\"text-align: center;\">\u00a0Entspannen in der\u00a0Sauna\u00a0ist Ihnen nicht genug, Ihre Devise lautet vielmehr \u201eAbschalten durch Auspowern\u201c? Dann sind unsere Fitnessger\u00e4te f\u00fcr Ausdauer und Kraft genau das Richtige f\u00fcr Sie. Mit freier Sicht auf den Pool und die kunstvolle Wandbemalung dahinter, haben Sie auch im\u00a0Gym\u00a0den vollen Durchblick.<\/p>\r\n[\/vc_column_text][\/vc_column_inner][\/vc_row_inner][\/vc_column][\/vc_row][vc_row][vc_column][vc_btn title=&#8221;Contact us&#8221; align=&#8221;center&#8221; css=&#8221;&#8221; button_block=&#8221;true&#8221; link=&#8221;url:mailto%3Ainfo%40louisas-place.de&#8221; el_class=&#8221;blog_btn&#8221;][\/vc_column][\/vc_row][vc_row gap=&#8221;35&#8243; content_placement=&#8221;middle&#8221; el_class=&#8221;standard-paddding&#8221;][vc_column width=&#8221;1\/4&#8243;][vc_single_image image=&#8221;1270&#8243; img_size=&#8221;full&#8221; alignment=&#8221;center&#8221;][\/vc_column][vc_column width=&#8221;3\/4&#8243;][vc_column_text css=&#8221;&#8221;]\r\n<p class=\"extraHeadline\">About Louise<\/p>\r\n<em>\u201cI must give the strings of my mind some rest every day before restringing them, as it were, so that they retain the right tone and sound. If I fail to do this, I become out of tune and the sounds of the world only become cacophony.\u201d<\/em>[\/vc_column_text][\/vc_column][\/vc_row]<\/div>","protected":false},"excerpt":{"rendered":"<p>[vc_row full_width=&#8221;stretch_row&#8221; css=&#8221;.vc_custom_1604436453150{background-image: url(https:\/\/louisas-place.de\/wp-content\/uploads\/2020\/10\/LP_Slide_Pool2-e1604434572776.jpg?id=3628) !important;background-position: center !important;background-repeat: no-repeat !important;background-size: cover !important;}&#8221; el_class=&#8221;white-text xl-paddding teaser-image&#8221;][vc_column width=&#8221;2\/3&#8243;][vc_column_text][\/vc_column_text][\/vc_column][vc_column width=&#8221;1\/3&#8243;][\/vc_column][\/vc_row][vc_row][vc_column][vc_column_text][\/vc_column_text][\/vc_column][\/vc_row][vc_row el_class=&#8221;standard-paddding&#8221;][vc_column css=&#8221;.vc_custom_1584570449573{margin-bottom: 0px !important;}&#8221;][vc_column_text css=&#8221;&#8221;] But that is pool Dive into Berlin: Our charming boutique hotel with a pool and sauna [\/vc_column_text][vc_empty_space height=&#8221;40px&#8221;][vc_column_text css=&#8221;&#8221;] Retreat to the intimate, calm atmosphere of our tranquil wellness &amp; spa area called Louisa\u00b4s [&hellip;]<\/p>\n","protected":false},"author":2,"featured_media":0,"parent":5792,"menu_order":0,"comment_status":"closed","ping_status":"closed","template":"default_2.php","meta":{"_acf_changed":false,"footnotes":""},"class_list":["post-5822","page","type-page","status-publish","hentry","entry"],"yoast_head":"<!-- This site is optimized with the Yoast SEO plugin v27.2 - https:\/\/yoast.com\/product\/yoast-seo-wordpress\/ -->\n<title>Pool, Fitness and Sauna | Louisa&#039;s Place Berlin<\/title>\n<meta name=\"description\" content=\"Discover our pool &amp; fitness area and get away from the everyday life \u2713 Exclusively for hotel guests \u2713 With steam bath &amp; Finnish sauna.\" \/>\n<meta name=\"robots\" content=\"index, follow, max-snippet:-1, max-image-preview:large, max-video-preview:-1\" \/>\n<link rel=\"canonical\" href=\"https:\/\/louisas-place.de\/en\/wellness-spa\/pool-fitness-and-sauna\/\" \/>\n<meta property=\"og:locale\" content=\"en_US\" \/>\n<meta property=\"og:type\" content=\"article\" \/>\n<meta property=\"og:title\" content=\"Pool, Fitness and Sauna | Louisa&#039;s Place Berlin\" \/>\n<meta property=\"og:description\" content=\"Discover our pool &amp; fitness area and get away from the everyday life \u2713 Exclusively for hotel guests \u2713 With steam bath &amp; Finnish sauna.\" \/>\n<meta property=\"og:url\" content=\"https:\/\/louisas-place.de\/en\/wellness-spa\/pool-fitness-and-sauna\/\" \/>\n<meta property=\"og:site_name\" content=\"Louisa&#039;s Place\" \/>\n<meta property=\"article:publisher\" content=\"https:\/\/www.facebook.com\/HotelLouisasPlace\" \/>\n<meta property=\"article:modified_time\" content=\"2025-10-28T14:32:30+00:00\" \/>\n<meta property=\"og:image\" content=\"https:\/\/louisas-place.de\/wp-content\/uploads\/2020\/02\/LP_wellnessslide_pool01.webp\" \/>\n\t<meta property=\"og:image:width\" content=\"1905\" \/>\n\t<meta property=\"og:image:height\" content=\"1072\" \/>\n\t<meta property=\"og:image:type\" content=\"image\/jpeg\" \/>\n<meta name=\"twitter:card\" content=\"summary_large_image\" \/>\n<meta name=\"twitter:site\" content=\"@LouisasPlace\" \/>\n<meta name=\"twitter:label1\" content=\"Est. reading time\" \/>\n\t<meta name=\"twitter:data1\" content=\"4 minutes\" \/>\n<script type=\"application\/ld+json\" class=\"yoast-schema-graph\">{\"@context\":\"https:\/\/schema.org\",\"@graph\":[{\"@type\":\"WebPage\",\"@id\":\"https:\/\/louisas-place.de\/en\/wellness-spa\/pool-fitness-and-sauna\/\",\"url\":\"https:\/\/louisas-place.de\/en\/wellness-spa\/pool-fitness-and-sauna\/\",\"name\":\"Pool, Fitness and Sauna | Louisa's Place Berlin\",\"isPartOf\":{\"@id\":\"https:\/\/louisas-place.de\/#website\"},\"datePublished\":\"2021-05-16T13:12:40+00:00\",\"dateModified\":\"2025-10-28T14:32:30+00:00\",\"description\":\"Discover our pool & fitness area and get away from the everyday life \u2713 Exclusively for hotel guests \u2713 With steam bath & Finnish sauna.\",\"breadcrumb\":{\"@id\":\"https:\/\/louisas-place.de\/en\/wellness-spa\/pool-fitness-and-sauna\/#breadcrumb\"},\"inLanguage\":\"en-US\",\"potentialAction\":[{\"@type\":\"ReadAction\",\"target\":[\"https:\/\/louisas-place.de\/en\/wellness-spa\/pool-fitness-and-sauna\/\"]}]},{\"@type\":\"BreadcrumbList\",\"@id\":\"https:\/\/louisas-place.de\/en\/wellness-spa\/pool-fitness-and-sauna\/#breadcrumb\",\"itemListElement\":[{\"@type\":\"ListItem\",\"position\":1,\"name\":\"Startseite\",\"item\":\"https:\/\/louisas-place.de\/en\/\"},{\"@type\":\"ListItem\",\"position\":2,\"name\":\"Wellness &#038; Spa\",\"item\":\"https:\/\/louisas-place.de\/en\/wellness-spa\/\"},{\"@type\":\"ListItem\",\"position\":3,\"name\":\"Pool, Fitness and Sauna\"}]},{\"@type\":\"WebSite\",\"@id\":\"https:\/\/louisas-place.de\/#website\",\"url\":\"https:\/\/louisas-place.de\/\",\"name\":\"Boutique Hotel Louisa's Place\",\"description\":\"Boutique Hotel in Berlin am Ku\u00b4damm\",\"publisher\":{\"@id\":\"https:\/\/louisas-place.de\/#organization\"},\"alternateName\":\"Louisa's Place Hotel Berlin\",\"potentialAction\":[{\"@type\":\"SearchAction\",\"target\":{\"@type\":\"EntryPoint\",\"urlTemplate\":\"https:\/\/louisas-place.de\/?s={search_term_string}\"},\"query-input\":{\"@type\":\"PropertyValueSpecification\",\"valueRequired\":true,\"valueName\":\"search_term_string\"}}],\"inLanguage\":\"en-US\"},{\"@type\":\"Organization\",\"@id\":\"https:\/\/louisas-place.de\/#organization\",\"name\":\"Boutique Hotel Louisa's Place | Ehret & Schimank GmbH\",\"alternateName\":\"Louisa's Place Berlin\",\"url\":\"https:\/\/louisas-place.de\/\",\"logo\":{\"@type\":\"ImageObject\",\"inLanguage\":\"en-US\",\"@id\":\"https:\/\/louisas-place.de\/#\/schema\/logo\/image\/\",\"url\":\"https:\/\/louisas-place.de\/wp-content\/uploads\/2019\/07\/logo_red_initials.webp\",\"contentUrl\":\"https:\/\/louisas-place.de\/wp-content\/uploads\/2019\/07\/logo_red_initials.webp\",\"width\":200,\"height\":121,\"caption\":\"Boutique Hotel Louisa's Place | Ehret & Schimank GmbH\"},\"image\":{\"@id\":\"https:\/\/louisas-place.de\/#\/schema\/logo\/image\/\"},\"sameAs\":[\"https:\/\/www.facebook.com\/HotelLouisasPlace\",\"https:\/\/x.com\/LouisasPlace\",\"https:\/\/www.instagram.com\/hotellouisasplace\/\",\"http:\/\/www.youtube.com\/channel\/UC2rvbgm9RNq9RyKA3PMTjbw\",\"https:\/\/www.linkedin.com\/company\/louisa-s-place-hotel-berlin\/\"]}]}<\/script>\n<!-- \/ Yoast SEO plugin. -->","yoast_head_json":{"title":"Pool, Fitness and Sauna | Louisa's Place Berlin","description":"Discover our pool & fitness area and get away from the everyday life \u2713 Exclusively for hotel guests \u2713 With steam bath & Finnish sauna.","robots":{"index":"index","follow":"follow","max-snippet":"max-snippet:-1","max-image-preview":"max-image-preview:large","max-video-preview":"max-video-preview:-1"},"canonical":"https:\/\/louisas-place.de\/en\/wellness-spa\/pool-fitness-and-sauna\/","og_locale":"en_US","og_type":"article","og_title":"Pool, Fitness and Sauna | Louisa's Place Berlin","og_description":"Discover our pool & fitness area and get away from the everyday life \u2713 Exclusively for hotel guests \u2713 With steam bath & Finnish sauna.","og_url":"https:\/\/louisas-place.de\/en\/wellness-spa\/pool-fitness-and-sauna\/","og_site_name":"Louisa&#039;s Place","article_publisher":"https:\/\/www.facebook.com\/HotelLouisasPlace","article_modified_time":"2025-10-28T14:32:30+00:00","og_image":[{"width":1905,"height":1072,"url":"https:\/\/louisas-place.de\/wp-content\/uploads\/2020\/02\/LP_wellnessslide_pool01.webp","type":"image\/jpeg"}],"twitter_card":"summary_large_image","twitter_site":"@LouisasPlace","twitter_misc":{"Est. reading time":"4 minutes"},"schema":{"@context":"https:\/\/schema.org","@graph":[{"@type":"WebPage","@id":"https:\/\/louisas-place.de\/en\/wellness-spa\/pool-fitness-and-sauna\/","url":"https:\/\/louisas-place.de\/en\/wellness-spa\/pool-fitness-and-sauna\/","name":"Pool, Fitness and Sauna | Louisa's Place Berlin","isPartOf":{"@id":"https:\/\/louisas-place.de\/#website"},"datePublished":"2021-05-16T13:12:40+00:00","dateModified":"2025-10-28T14:32:30+00:00","description":"Discover our pool & fitness area and get away from the everyday life \u2713 Exclusively for hotel guests \u2713 With steam bath & Finnish sauna.","breadcrumb":{"@id":"https:\/\/louisas-place.de\/en\/wellness-spa\/pool-fitness-and-sauna\/#breadcrumb"},"inLanguage":"en-US","potentialAction":[{"@type":"ReadAction","target":["https:\/\/louisas-place.de\/en\/wellness-spa\/pool-fitness-and-sauna\/"]}]},{"@type":"BreadcrumbList","@id":"https:\/\/louisas-place.de\/en\/wellness-spa\/pool-fitness-and-sauna\/#breadcrumb","itemListElement":[{"@type":"ListItem","position":1,"name":"Startseite","item":"https:\/\/louisas-place.de\/en\/"},{"@type":"ListItem","position":2,"name":"Wellness &#038; Spa","item":"https:\/\/louisas-place.de\/en\/wellness-spa\/"},{"@type":"ListItem","position":3,"name":"Pool, Fitness and Sauna"}]},{"@type":"WebSite","@id":"https:\/\/louisas-place.de\/#website","url":"https:\/\/louisas-place.de\/","name":"Boutique Hotel Louisa's Place","description":"Boutique Hotel in Berlin am Ku\u00b4damm","publisher":{"@id":"https:\/\/louisas-place.de\/#organization"},"alternateName":"Louisa's Place Hotel Berlin","potentialAction":[{"@type":"SearchAction","target":{"@type":"EntryPoint","urlTemplate":"https:\/\/louisas-place.de\/?s={search_term_string}"},"query-input":{"@type":"PropertyValueSpecification","valueRequired":true,"valueName":"search_term_string"}}],"inLanguage":"en-US"},{"@type":"Organization","@id":"https:\/\/louisas-place.de\/#organization","name":"Boutique Hotel Louisa's Place | Ehret & Schimank GmbH","alternateName":"Louisa's Place Berlin","url":"https:\/\/louisas-place.de\/","logo":{"@type":"ImageObject","inLanguage":"en-US","@id":"https:\/\/louisas-place.de\/#\/schema\/logo\/image\/","url":"https:\/\/louisas-place.de\/wp-content\/uploads\/2019\/07\/logo_red_initials.webp","contentUrl":"https:\/\/louisas-place.de\/wp-content\/uploads\/2019\/07\/logo_red_initials.webp","width":200,"height":121,"caption":"Boutique Hotel Louisa's Place | Ehret & Schimank GmbH"},"image":{"@id":"https:\/\/louisas-place.de\/#\/schema\/logo\/image\/"},"sameAs":["https:\/\/www.facebook.com\/HotelLouisasPlace","https:\/\/x.com\/LouisasPlace","https:\/\/www.instagram.com\/hotellouisasplace\/","http:\/\/www.youtube.com\/channel\/UC2rvbgm9RNq9RyKA3PMTjbw","https:\/\/www.linkedin.com\/company\/louisa-s-place-hotel-berlin\/"]}]}},"acf":[],"_links":{"self":[{"href":"https:\/\/louisas-place.de\/en\/wp-json\/wp\/v2\/pages\/5822","targetHints":{"allow":["GET"]}}],"collection":[{"href":"https:\/\/louisas-place.de\/en\/wp-json\/wp\/v2\/pages"}],"about":[{"href":"https:\/\/louisas-place.de\/en\/wp-json\/wp\/v2\/types\/page"}],"author":[{"embeddable":true,"href":"https:\/\/louisas-place.de\/en\/wp-json\/wp\/v2\/users\/2"}],"replies":[{"embeddable":true,"href":"https:\/\/louisas-place.de\/en\/wp-json\/wp\/v2\/comments?post=5822"}],"version-history":[{"count":0,"href":"https:\/\/louisas-place.de\/en\/wp-json\/wp\/v2\/pages\/5822\/revisions"}],"up":[{"embeddable":true,"href":"https:\/\/louisas-place.de\/en\/wp-json\/wp\/v2\/pages\/5792"}],"wp:attachment":[{"href":"https:\/\/louisas-place.de\/en\/wp-json\/wp\/v2\/media?parent=5822"}],"curies":[{"name":"wp","href":"https:\/\/api.w.org\/{rel}","templated":true}]}}